{"id":42,"date":"2022-01-18T08:26:35","date_gmt":"2022-01-18T08:26:35","guid":{"rendered":"http:\/\/dondurma.kmtso.org.tr\/?page_id=42"},"modified":"2022-01-18T14:14:07","modified_gmt":"2022-01-18T14:14:07","slug":"tescil-ve-denetimi","status":"publish","type":"page","link":"http:\/\/dondurma.kmtso.org.tr\/index.php\/tescil-ve-denetimi\/","title":{"rendered":"Tescil ve Denetimi"},"content":{"rendered":"\t\t<div data-elementor-type=\"wp-page\" data-elementor-id=\"42\" class=\"elementor elementor-42\" data-elementor-settings=\"[]\">\n\t\t\t\t\t\t\t<div class=\"elementor-section-wrap\">\n\t\t\t\t\t\t\t<section class=\"elementor-section elementor-top-section elementor-element elementor-element-13a88e0 elementor-section-boxed elementor-section-height-default elementor-section-height-default\" data-id=\"13a88e0\" data-element_type=\"section\">\n\t\t\t\t\t\t<div class=\"elementor-container elementor-column-gap-default\">\n\t\t\t\t\t<div class=\"elementor-column elementor-col-100 elementor-top-column elementor-element elementor-element-282dcfa\" data-id=\"282dcfa\" data-element_type=\"column\">\n\t\t\t<div class=\"elementor-widget-wrap\">\n\t\t\t\t\t\t\t\t\t<\/div>\n\t\t<\/div>\n\t\t\t\t\t\t\t<\/div>\n\t\t<\/section>\n\t\t\t\t<section class=\"elementor-section elementor-top-section elementor-element elementor-element-3487f785 elementor-section-full_width elementor-section-content-middle elementor-section-height-default elementor-section-height-default\" data-id=\"3487f785\" data-element_type=\"section\">\n\t\t\t\t\t\t<div class=\"elementor-container elementor-column-gap-no\">\n\t\t\t\t\t<div class=\"elementor-column elementor-col-50 elementor-top-column elementor-element elementor-element-55555c38\" data-id=\"55555c38\" data-element_type=\"column\" data-settings=\"{&quot;background_background&quot;:&quot;classic&quot;}\">\n\t\t\t<div class=\"elementor-widget-wrap elementor-element-populated\">\n\t\t\t\t\t<div class=\"elementor-background-overlay\"><\/div>\n\t\t\t\t\t\t\t\t<div class=\"elementor-element elementor-element-529ef8b7 elementor-widget elementor-widget-heading\" data-id=\"529ef8b7\" data-element_type=\"widget\" data-widget_type=\"heading.default\">\n\t\t\t\t<div class=\"elementor-widget-container\">\n\t\t\t<style>\/*! elementor - v3.5.3 - 28-12-2021 *\/\n.elementor-heading-title{padding:0;margin:0;line-height:1}.elementor-widget-heading .elementor-heading-title[class*=elementor-size-]>a{color:inherit;font-size:inherit;line-height:inherit}.elementor-widget-heading .elementor-heading-title.elementor-size-small{font-size:15px}.elementor-widget-heading .elementor-heading-title.elementor-size-medium{font-size:19px}.elementor-widget-heading .elementor-heading-title.elementor-size-large{font-size:29px}.elementor-widget-heading .elementor-heading-title.elementor-size-xl{font-size:39px}.elementor-widget-heading .elementor-heading-title.elementor-size-xxl{font-size:59px}<\/style><h4 class=\"elementor-heading-title elementor-size-small\">Mara\u015f \nDondurmas\u0131<\/h4>\t\t<\/div>\n\t\t\t\t<\/div>\n\t\t\t\t\t<\/div>\n\t\t<\/div>\n\t\t\t\t<div class=\"elementor-column elementor-col-50 elementor-top-column elementor-element elementor-element-cd060a5\" data-id=\"cd060a5\" data-element_type=\"column\">\n\t\t\t<div class=\"elementor-widget-wrap elementor-element-populated\">\n\t\t\t\t\t\t\t\t<div class=\"elementor-element elementor-element-5fda04c1 elementor-invisible elementor-widget elementor-widget-text-editor\" data-id=\"5fda04c1\" data-element_type=\"widget\" data-settings=\"{&quot;_animation&quot;:&quot;fadeInRight&quot;}\" data-widget_type=\"text-editor.default\">\n\t\t\t\t<div class=\"elementor-widget-container\">\n\t\t\t<style>\/*! elementor - v3.5.3 - 28-12-2021 *\/\n.elementor-widget-text-editor.elementor-drop-cap-view-stacked .elementor-drop-cap{background-color:#818a91;color:#fff}.elementor-widget-text-editor.elementor-drop-cap-view-framed .elementor-drop-cap{color:#818a91;border:3px solid;background-color:transparent}.elementor-widget-text-editor:not(.elementor-drop-cap-view-default) .elementor-drop-cap{margin-top:8px}.elementor-widget-text-editor:not(.elementor-drop-cap-view-default) .elementor-drop-cap-letter{width:1em;height:1em}.elementor-widget-text-editor .elementor-drop-cap{float:left;text-align:center;line-height:1;font-size:50px}.elementor-widget-text-editor .elementor-drop-cap-letter{display:inline-block}<\/style>\t\t\t\t<p><strong>MARA\u015e DONDURMASI<\/strong><\/p><p>Tescil Ettiren<br \/><strong>KAHRAMANMARA\u015e T\u0130CARET VE SANAY\u0130 ODASI<\/strong><br \/>Bu co\u011frafi i\u015faret, 6769 say\u0131l\u0131 S\u0131nai M\u00fclkiyet Kanunu<br \/>kapsam\u0131nda 24.08.2017 tarihinden itibaren korunmak \u00fczere<br \/>18.04.2018 tarihinde tescil edilmi\u015ftir<\/p>\t\t\t\t\t\t<\/div>\n\t\t\t\t<\/div>\n\t\t\t\t<div class=\"elementor-element elementor-element-62ca77c elementor-invisible elementor-widget elementor-widget-text-editor\" data-id=\"62ca77c\" data-element_type=\"widget\" data-settings=\"{&quot;_animation&quot;:&quot;fadeInRight&quot;}\" data-widget_type=\"text-editor.default\">\n\t\t\t\t<div class=\"elementor-widget-container\">\n\t\t\t\t\t\t\t<p>Tescil No : 344<br \/>Tescil Tarihi : 18.04.2018<br \/>Ba\u015fvuru No : C2017\/109<br \/>Ba\u015fvuru Tarihi : 24.08.2017<br \/>Co\u011frafi \u0130\u015faretin Ad\u0131 : Mara\u015f Dondurmas\u0131<br \/>\u00dcr\u00fcn \/ \u00dcr\u00fcn Grubu : Dondurma \/ Dondurmalar ve yenilebilir buzlar<br \/>Co\u011frafi \u0130\u015faretin T\u00fcr\u00fc : Mahre\u00e7 i\u015fareti<br \/>Ba\u015fvuru Yapan : Kahramanmara\u015f Ticaret ve Sanayi Odas\u0131<br \/>Ba\u015fvuru Yapan\u0131n Adresi : \u0130stasyon Mahallesi \u0130lahiyat Caddesi No:7 Dulkadiro\u011flu Kahramanmara\u015f<br \/>Co\u011frafi S\u0131n\u0131r : Kahramanmara\u015f ili<br \/>Kullan\u0131m Bi\u00e7imi : Co\u011frafi i\u015faret ad\u0131 \u00fcretici firma markas\u0131 ile birlikte \u00fcr\u00fcn\u00fcn \u00fczerinde yer<br \/>almal\u0131d\u0131r.<\/p>\t\t\t\t\t\t<\/div>\n\t\t\t\t<\/div>\n\t\t\t\t<div class=\"elementor-element elementor-element-4d042a0 elementor-widget elementor-widget-text-editor\" data-id=\"4d042a0\" data-element_type=\"widget\" data-widget_type=\"text-editor.default\">\n\t\t\t\t<div class=\"elementor-widget-container\">\n\t\t\t\t\t\t\t\t\t\t\t\t\t<\/div>\n\t\t\t\t<\/div>\n\t\t\t\t\t<\/div>\n\t\t<\/div>\n\t\t\t\t\t\t\t<\/div>\n\t\t<\/section>\n\t\t\t\t<section class=\"elementor-section elementor-top-section elementor-element elementor-element-d760646 elementor-section-boxed elementor-section-height-default elementor-section-height-default\" data-id=\"d760646\" data-element_type=\"section\">\n\t\t\t\t\t\t<div class=\"elementor-container elementor-column-gap-default\">\n\t\t\t\t\t<div class=\"elementor-column elementor-col-50 elementor-top-column elementor-element elementor-element-f121025\" data-id=\"f121025\" data-element_type=\"column\">\n\t\t\t<div class=\"elementor-widget-wrap elementor-element-populated\">\n\t\t\t\t\t\t\t\t<div class=\"elementor-element elementor-element-ef65a53 elementor-widget elementor-widget-text-editor\" data-id=\"ef65a53\" data-element_type=\"widget\" data-widget_type=\"text-editor.default\">\n\t\t\t\t<div class=\"elementor-widget-container\">\n\t\t\t\t\t\t\t<h1 style=\"list-style: none; outline: 0px; margin-bottom: 15px; font-size: 27px; font-family: Raleway, sans-serif; font-weight: 800; line-height: 1.1; color: #091e42; border: 0px;\">Mara\u015f Dondurmas\u0131<\/h1><div class=\"patent-detay-box\" style=\"list-style: none; outline: 0px; margin: 0px; padding: 0px; border: 0px; transition: all 0.4s ease 0s; color: #111111; font-family: Raleway, sans-serif; font-size: 13px;\"><ul style=\"list-style: none; outline: 0px; margin-right: 0px; margin-bottom: 0px; margin-left: 0px; padding: 0px; border: 0px; transition: all 0.4s ease 0s; width: 783.188px; display: table;\"><li style=\"list-style: none; outline: 0px; margin: 0px 0px 1px; padding: 0px; border: 0px; line-height: 24px; width: 783.188px; float: none; display: flex; background: #d2deef;\"><img style=\"list-style: none; outline: 0px; border-width: 0px; border-style: initial; margin: 0px 0px 0px 15.6562px; padding: 0px; height: 90px; width: 90px;\" src=\"https:\/\/ci.turkpatent.gov.tr\/Content\/img\/ab-tescili-2.png\" \/><\/li><li style=\"list-style: none; outline: 0px; margin: 0px 0px 1px; padding: 0px; border: 0px; line-height: 24px; width: 783.188px; float: none; display: flex; background: #eaeff7;\"><span style=\"list-style: none; outline: 0px; margin: 0px; padding: 15px; border-width: 0px 1px 0px 0px; border-image: initial; width: 234.953px; float: left; font-size: 15px; font-weight: bold; border-color: initial #ffffff initial initial; border-style: initial solid initial initial;\">Co\u011frafi i\u015faretin t\u00fcr\u00fc<\/span><p style=\"list-style: none; outline: 0px; padding: 15px; border: 0px; font-size: 15px; line-height: 28px; width: 548.219px; float: right;\">Mahre\u00e7 \u0130\u015fareti<\/p><\/li><li style=\"list-style: none; outline: 0px; margin: 0px 0px 1px; padding: 0px; border: 0px; line-height: 24px; width: 783.188px; float: none; display: flex; background: #d2deef;\"><span style=\"list-style: none; outline: 0px; margin: 0px; padding: 15px; border-width: 0px 1px 0px 0px; border-image: initial; width: 234.953px; float: left; font-size: 15px; font-weight: bold; border-color: initial #ffffff initial initial; border-style: initial solid initial initial;\">Dosya Numaras\u0131<\/span><p style=\"list-style: none; outline: 0px; padding: 15px; border: 0px; font-size: 15px; line-height: 28px; width: 548.219px; float: right;\">C2017\/109<\/p><\/li><li style=\"list-style: none; outline: 0px; margin: 0px 0px 1px; padding: 0px; border: 0px; line-height: 24px; width: 783.188px; float: none; display: flex; background: #eaeff7;\"><span style=\"list-style: none; outline: 0px; margin: 0px; padding: 15px; border-width: 0px 1px 0px 0px; border-image: initial; width: 234.953px; float: left; font-size: 15px; font-weight: bold; border-color: initial #ffffff initial initial; border-style: initial solid initial initial;\">Ba\u015fvuru Tarihi<\/span><p style=\"list-style: none; outline: 0px; padding: 15px; border: 0px; font-size: 15px; line-height: 28px; width: 548.219px; float: right;\">24.08.2017<\/p><\/li><li style=\"list-style: none; outline: 0px; margin: 0px 0px 1px; padding: 0px; border: 0px; line-height: 24px; width: 783.188px; float: none; display: flex; background: #d2deef;\"><span style=\"list-style: none; outline: 0px; margin: 0px; padding: 15px; border-width: 0px 1px 0px 0px; border-image: initial; width: 234.953px; float: left; font-size: 15px; font-weight: bold; border-color: initial #ffffff initial initial; border-style: initial solid initial initial;\">Tescil Numaras\u0131<\/span><p style=\"list-style: none; outline: 0px; padding: 15px; border: 0px; font-size: 15px; line-height: 28px; width: 548.219px; float: right;\">344<\/p><\/li><li style=\"list-style: none; outline: 0px; margin: 0px 0px 1px; padding: 0px; border: 0px; line-height: 24px; width: 783.188px; float: none; display: flex; background: #eaeff7;\"><span style=\"list-style: none; outline: 0px; margin: 0px; padding: 15px; border-width: 0px 1px 0px 0px; border-image: initial; width: 234.953px; float: left; font-size: 15px; font-weight: bold; border-color: initial #ffffff initial initial; border-style: initial solid initial initial;\">Tescil Tarihi<\/span><p style=\"list-style: none; outline: 0px; padding: 15px; border: 0px; font-size: 15px; line-height: 28px; width: 548.219px; float: right;\">18.04.2018<\/p><\/li><li style=\"list-style: none; outline: 0px; margin: 0px 0px 1px; padding: 0px; border: 0px; line-height: 24px; width: 783.188px; float: none; display: flex; background: #d2deef;\"><span style=\"list-style: none; outline: 0px; margin: 0px; padding: 15px; border-width: 0px 1px 0px 0px; border-image: initial; width: 234.953px; float: left; font-size: 15px; font-weight: bold; border-color: initial #ffffff initial initial; border-style: initial solid initial initial;\">\u00dcr\u00fcn Grubu<\/span><p style=\"list-style: none; outline: 0px; padding: 15px; border: 0px; font-size: 15px; line-height: 28px; width: 548.219px; float: right;\">Dondurmalar ve yenilebilir buzlar<\/p><\/li><li style=\"list-style: none; outline: 0px; margin: 0px 0px 1px; padding: 0px; border: 0px; line-height: 24px; width: 783.188px; float: none; display: flex; background: #eaeff7;\"><span style=\"list-style: none; outline: 0px; margin: 0px; padding: 15px; border-width: 0px 1px 0px 0px; border-image: initial; width: 234.953px; float: left; font-size: 15px; font-weight: bold; border-color: initial #ffffff initial initial; border-style: initial solid initial initial;\">\u0130l<\/span><p style=\"list-style: none; outline: 0px; padding: 15px; border: 0px; font-size: 15px; line-height: 28px; width: 548.219px; float: right;\">Kahramanmara\u015f<\/p><\/li><li style=\"list-style: none; outline: 0px; margin: 0px 0px 1px; padding: 0px; border: 0px; line-height: 24px; width: 783.188px; float: none; display: flex; background: #d2deef;\"><span style=\"list-style: none; outline: 0px; margin: 0px; padding: 15px; border-width: 0px 1px 0px 0px; border-image: initial; width: 234.953px; float: left; font-size: 15px; font-weight: bold; border-color: initial #ffffff initial initial; border-style: initial solid initial initial;\">Ba\u015fvuru Yapan\/Tescil Ettiren<\/span><p style=\"list-style: none; outline: 0px; padding: 15px; border: 0px; font-size: 15px; line-height: 28px; width: 548.219px; float: right;\">Kahramanmara\u015f Ticaret ve Sanayi Odas\u0131<\/p><\/li><li style=\"list-style: none; outline: 0px; margin: 0px 0px 1px; padding: 0px; border: 0px; line-height: 24px; width: 783.188px; float: none; display: flex; background: #eaeff7;\"><span style=\"list-style: none; outline: 0px; margin: 0px; padding: 15px; border-width: 0px 1px 0px 0px; border-image: initial; width: 234.953px; float: left; font-size: 15px; font-weight: bold; border-color: initial #ffffff initial initial; border-style: initial solid initial initial;\">Durum<\/span><p style=\"list-style: none; outline: 0px; padding: 15px; border: 0px; font-size: 15px; line-height: 28px; width: 548.219px; float: right;\">Tescilli<\/p><\/li><li style=\"list-style: none; outline: 0px; margin: 0px 0px 1px; padding: 0px; border: 0px; line-height: 24px; transition: all 0.4s ease 0s; width: 783.188px; float: none; display: flex; background: #d2deef;\"><span style=\"list-style: none; outline: 0px; margin: 0px; padding: 15px; border-width: 0px 1px 0px 0px; border-image: initial; width: 234.953px; float: left; font-size: 15px; font-weight: bold; border-color: initial #ffffff initial initial; border-style: initial solid initial initial;\">Adres<\/span><p style=\"list-style: none; outline: 0px; padding: 15px; border: 0px; font-size: 15px; line-height: 28px; transition: all 0.4s ease 0s; width: 548.219px; float: right;\">\u0130stasyon Mahallesi \u0130lahiyat Caddesi No:7 Dulkadiro\u011flu Kahramanmara\u015f<\/p><\/li><\/ul><\/div>\t\t\t\t\t\t<\/div>\n\t\t\t\t<\/div>\n\t\t\t\t\t<\/div>\n\t\t<\/div>\n\t\t\t\t<div class=\"elementor-column elementor-col-50 elementor-top-column elementor-element elementor-element-825f8f4\" data-id=\"825f8f4\" data-element_type=\"column\">\n\t\t\t<div class=\"elementor-widget-wrap\">\n\t\t\t\t\t\t\t\t\t<\/div>\n\t\t<\/div>\n\t\t\t\t\t\t\t<\/div>\n\t\t<\/section>\n\t\t\t\t\t\t<\/div>\n\t\t\t\t\t<\/div>\n\t\t","protected":false},"excerpt":{"rendered":"<p>Mara\u015f Dondurmas\u0131 MARA\u015e DONDURMASI Tescil EttirenKAHRAMANMARA\u015e T\u0130CARET VE SANAY\u0130 ODASIBu co\u011frafi i\u015faret, 6769 say\u0131l\u0131 S\u0131nai M\u00fclkiyet Kanunukapsam\u0131nda 24.08.2017 tarihinden itibaren korunmak \u00fczere18.04.2018 tarihinde tescil edilmi\u015ftir Tescil No : 344Tescil Tarihi : 18.04.2018Ba\u015fvuru No : C2017\/109Ba\u015fvuru Tarihi : 24.08.2017Co\u011frafi \u0130\u015faretin Ad\u0131 : Mara\u015f Dondurmas\u0131\u00dcr\u00fcn \/ \u00dcr\u00fcn Grubu : Dondurma \/ Dondurmalar ve yenilebilir buzlarCo\u011frafi \u0130\u015faretin T\u00fcr\u00fc [&hellip;]<\/p>\n","protected":false},"author":1,"featured_media":0,"parent":0,"menu_order":0,"comment_status":"closed","ping_status":"closed","template":"elementor_header_footer","meta":[],"_links":{"self":[{"href":"http:\/\/dondurma.kmtso.org.tr\/index.php\/wp-json\/wp\/v2\/pages\/42"}],"collection":[{"href":"http:\/\/dondurma.kmtso.org.tr\/index.php\/wp-json\/wp\/v2\/pages"}],"about":[{"href":"http:\/\/dondurma.kmtso.org.tr\/index.php\/wp-json\/wp\/v2\/types\/page"}],"author":[{"embeddable":true,"href":"http:\/\/dondurma.kmtso.org.tr\/index.php\/wp-json\/wp\/v2\/users\/1"}],"replies":[{"embeddable":true,"href":"http:\/\/dondurma.kmtso.org.tr\/index.php\/wp-json\/wp\/v2\/comments?post=42"}],"version-history":[{"count":11,"href":"http:\/\/dondurma.kmtso.org.tr\/index.php\/wp-json\/wp\/v2\/pages\/42\/revisions"}],"predecessor-version":[{"id":83,"href":"http:\/\/dondurma.kmtso.org.tr\/index.php\/wp-json\/wp\/v2\/pages\/42\/revisions\/83"}],"wp:attachment":[{"href":"http:\/\/dondurma.kmtso.org.tr\/index.php\/wp-json\/wp\/v2\/media?parent=42"}],"curies":[{"name":"wp","href":"https:\/\/api.w.org\/{rel}","templated":true}]}}